{"id":373575,"date":"2026-02-24T09:40:16","date_gmt":"2026-02-24T09:40:16","guid":{"rendered":"https:\/\/elodea-cosmetiques.com\/?post_type=product&#038;p=373575"},"modified":"2026-03-18T20:48:39","modified_gmt":"2026-03-18T20:48:39","slug":"hemera-galet-de-massage-75g","status":"publish","type":"product","link":"https:\/\/elodea-cosmetiques.com\/index.php\/produit\/hemera-galet-de-massage-75g\/","title":{"rendered":"HEMERA (Galet de massage) 75g"},"content":{"rendered":"<p>[et_pb_section fb_built=\u00a0\u00bb1&Prime; _builder_version=\u00a0\u00bb4.16&Prime; custom_padding=\u00a0\u00bb0px||||false|false\u00a0\u00bb global_colors_info=\u00a0\u00bb{}\u00a0\u00bb][et_pb_row _builder_version=\u00a0\u00bb4.16&Prime; background_size=\u00a0\u00bbinitial\u00a0\u00bb background_position=\u00a0\u00bbtop_left\u00a0\u00bb background_repeat=\u00a0\u00bbrepeat\u00a0\u00bb width=\u00a0\u00bb100%\u00a0\u00bb custom_padding=\u00a0\u00bb0px||0px||false|false\u00a0\u00bb global_colors_info=\u00a0\u00bb{}\u00a0\u00bb][et_pb_column type=\u00a0\u00bb4_4&Prime; _builder_version=\u00a0\u00bb4.16&Prime; custom_padding=\u00a0\u00bb|||\u00a0\u00bb global_colors_info=\u00a0\u00bb{}\u00a0\u00bb custom_padding__hover=\u00a0\u00bb|||\u00a0\u00bb][et_pb_wc_breadcrumb _builder_version=\u00a0\u00bb4.16&Prime; global_colors_info=\u00a0\u00bb{}\u00a0\u00bb][\/et_pb_wc_breadcrumb][et_pb_wc_cart_notice _builder_version=\u00a0\u00bb4.16&Prime; global_colors_info=\u00a0\u00bb{}\u00a0\u00bb][\/et_pb_wc_cart_notice][\/et_pb_column][\/et_pb_row][et_pb_row column_structure=\u00a0\u00bb1_2,1_2&Prime; _builder_version=\u00a0\u00bb4.16&Prime; background_size=\u00a0\u00bbinitial\u00a0\u00bb background_position=\u00a0\u00bbtop_left\u00a0\u00bb background_repeat=\u00a0\u00bbrepeat\u00a0\u00bb width=\u00a0\u00bb100%\u00a0\u00bb custom_padding=\u00a0\u00bb0px||||false|false\u00a0\u00bb global_colors_info=\u00a0\u00bb{}\u00a0\u00bb][et_pb_column type=\u00a0\u00bb1_2&Prime; _builder_version=\u00a0\u00bb4.16&Prime; custom_padding=\u00a0\u00bb|||\u00a0\u00bb global_colors_info=\u00a0\u00bb{}\u00a0\u00bb custom_padding__hover=\u00a0\u00bb|||\u00a0\u00bb][et_pb_wc_images _builder_version=\u00a0\u00bb4.16&Prime; hover_enabled=\u00a0\u00bb0&Prime; global_colors_info=\u00a0\u00bb{}\u00a0\u00bb sticky_enabled=\u00a0\u00bb0&Prime;][\/et_pb_wc_images][\/et_pb_column][et_pb_column type=\u00a0\u00bb1_2&Prime; _builder_version=\u00a0\u00bb4.16&Prime; custom_padding=\u00a0\u00bb|||\u00a0\u00bb global_colors_info=\u00a0\u00bb{}\u00a0\u00bb custom_padding__hover=\u00a0\u00bb|||\u00a0\u00bb][et_pb_wc_title _builder_version=\u00a0\u00bb4.16&Prime; global_colors_info=\u00a0\u00bb{}\u00a0\u00bb][\/et_pb_wc_title][et_pb_wc_rating _builder_version=\u00a0\u00bb4.16&Prime; global_colors_info=\u00a0\u00bb{}\u00a0\u00bb][\/et_pb_wc_rating][et_pb_wc_price _builder_version=\u00a0\u00bb4.16&Prime; global_colors_info=\u00a0\u00bb{}\u00a0\u00bb][\/et_pb_wc_price][et_pb_wc_description _builder_version=\u00a0\u00bb4.16&Prime; global_colors_info=\u00a0\u00bb{}\u00a0\u00bb][\/et_pb_wc_description][et_pb_wc_add_to_cart _builder_version=\u00a0\u00bb4.16&Prime; global_colors_info=\u00a0\u00bb{}\u00a0\u00bb][\/et_pb_wc_add_to_cart][et_pb_wc_meta _builder_version=\u00a0\u00bb4.16&Prime; global_colors_info=\u00a0\u00bb{}\u00a0\u00bb][\/et_pb_wc_meta][\/et_pb_column][\/et_pb_row][et_pb_row _builder_version=\u00a0\u00bb4.16&Prime; background_size=\u00a0\u00bbinitial\u00a0\u00bb background_position=\u00a0\u00bbtop_left\u00a0\u00bb background_repeat=\u00a0\u00bbrepeat\u00a0\u00bb width=\u00a0\u00bb100%\u00a0\u00bb global_colors_info=\u00a0\u00bb{}\u00a0\u00bb][et_pb_column type=\u00a0\u00bb4_4&Prime; _builder_version=\u00a0\u00bb4.16&Prime; custom_padding=\u00a0\u00bb|||\u00a0\u00bb global_colors_info=\u00a0\u00bb{}\u00a0\u00bb custom_padding__hover=\u00a0\u00bb|||\u00a0\u00bb][et_pb_wc_tabs _builder_version=\u00a0\u00bb4.16&Prime; global_colors_info=\u00a0\u00bb{}\u00a0\u00bb] [\/et_pb_wc_tabs][et_pb_wc_upsells _builder_version=\u00a0\u00bb4.16&Prime; global_colors_info=\u00a0\u00bb{}\u00a0\u00bb][\/et_pb_wc_upsells][et_pb_wc_related_products _builder_version=\u00a0\u00bb4.16&Prime; global_colors_info=\u00a0\u00bb{}\u00a0\u00bb][\/et_pb_wc_related_products][\/et_pb_column][\/et_pb_row][\/et_pb_section]<\/p>\n","protected":false},"excerpt":{"rendered":"<p>HEMERA &#8211; Galet de massage amande douce et huiles essentielles.<\/p>\n<details class=\"ingredient-details\" style=\"margin-top: 15px; border: 1px solid #ddd; padding: 10px 10px 10px 10px; border-radius: 5px; background-color: #667538; width: fit-content; max-width: 100%; transition: background-color 0.2s ease-out;\">\n<summary style=\"cursor: pointer; font-weight: bold; font-size: 16px; font-family: 'Glacial Indifference', sans-serif; color: white;\">Liste des ingr\u00e9dients<\/summary>\n<div class=\"ingredient-content\" style=\"margin-top: 10px; line-height: 1.8; font-family: 'Glacial Indifference', sans-serif;\">\n<p><strong>Cera Alba* \/ Cire d&rsquo;abeille* <\/strong><br \/>\n    <em>Protecteur et nourrissant<\/em><\/p>\n<p><strong>Clarified Butter \/ Ghee <\/strong><br \/>\n    <em>Hydratant et source de vitamine E<\/em><\/p>\n<p><strong>Prunus amygdalus dulcis oil* \/ Huile v\u00e9g\u00e9tale d&rsquo;amande douce*<\/strong><br \/>\n    <em>Huile hydratante et adoucissante<\/em><\/p>\n<p><strong>Lavandula augustifolia oil* \/ Huile essentielle de Lavande*<\/strong><br \/>\n    <em>D\u00e9contractante, r\u00e9g\u00e9n\u00e9ratrice et cicatrisante<\/em><\/p>\n<p><strong>Citrus paradisi seed oil* \/ Huile essentielle de Pamplemousse*<\/strong><br \/>\n    <em>Stimulante et purifiante<\/em><\/p>\n<p><strong>Cedrus atlantica wood oil* \/ Huile essentielle C\u00e8dre de l&rsquo;Atlas*<\/strong><br \/>\n    <em>Lymphotonique et lipolytique<\/em><\/p>\n<p><strong>Helianthus annuus seed oil* tocopherol \/ Tocoph\u00e9rol*<\/strong><br \/>\n    <em>Puissant antioxydant <\/em><\/p>\n<p><strong>Limon\u00e8ne, Linalool, Coumarin, G\u00e9raniol, Citral<\/strong><br \/>\n    <em>Composant \u00e9tiquettables des huiles essentielles<\/em><\/p>\n<\/p><\/div>\n<\/details>\n<style>\ndetails[open] {\n  background-color: #fff9ef !important;\n}\ndetails[open] summary {\n  color: #000 !important;\n}\ndetails summary::marker {\n  color: white;\n}\ndetails[open] summary::marker {\n  color: #000;\n}<\/p>\n<p>.ingredient-details .ingredient-content {\n  overflow: hidden;\n  max-height: 0;\n  opacity: 0;\n  transition: max-height 0.8s ease-out, opacity 0.6s ease-out;\n}<\/p>\n<p>.ingredient-details[open] .ingredient-content {\n  max-height: 2000px;\n  opacity: 1;\n}\n<\/style>\n","protected":false},"featured_media":373362,"comment_status":"open","ping_status":"closed","template":"","meta":{"_et_pb_use_builder":"on","_et_pb_old_content":"HEMERA Galet de massage","_et_gb_content_width":"","inline_featured_image":false},"product_brand":[20],"product_cat":[21],"product_tag":[],"class_list":{"0":"post-373575","1":"product","2":"type-product","3":"status-publish","4":"has-post-thumbnail","6":"product_brand-elodea-cosmetiques","7":"product_cat-galet","9":"first","10":"instock","11":"taxable","12":"shipping-taxable","13":"purchasable","14":"product-type-simple"},"_links":{"self":[{"href":"https:\/\/elodea-cosmetiques.com\/index.php\/wp-json\/wp\/v2\/product\/373575","targetHints":{"allow":["GET"]}}],"collection":[{"href":"https:\/\/elodea-cosmetiques.com\/index.php\/wp-json\/wp\/v2\/product"}],"about":[{"href":"https:\/\/elodea-cosmetiques.com\/index.php\/wp-json\/wp\/v2\/types\/product"}],"replies":[{"embeddable":true,"href":"https:\/\/elodea-cosmetiques.com\/index.php\/wp-json\/wp\/v2\/comments?post=373575"}],"wp:featuredmedia":[{"embeddable":true,"href":"https:\/\/elodea-cosmetiques.com\/index.php\/wp-json\/wp\/v2\/media\/373362"}],"wp:attachment":[{"href":"https:\/\/elodea-cosmetiques.com\/index.php\/wp-json\/wp\/v2\/media?parent=373575"}],"wp:term":[{"taxonomy":"product_brand","embeddable":true,"href":"https:\/\/elodea-cosmetiques.com\/index.php\/wp-json\/wp\/v2\/product_brand?post=373575"},{"taxonomy":"product_cat","embeddable":true,"href":"https:\/\/elodea-cosmetiques.com\/index.php\/wp-json\/wp\/v2\/product_cat?post=373575"},{"taxonomy":"product_tag","embeddable":true,"href":"https:\/\/elodea-cosmetiques.com\/index.php\/wp-json\/wp\/v2\/product_tag?post=373575"}],"curies":[{"name":"wp","href":"https:\/\/api.w.org\/{rel}","templated":true}]}}