{"id":17,"date":"2025-07-16T08:20:32","date_gmt":"2025-07-16T08:20:32","guid":{"rendered":"https:\/\/elodea-cosmetiques.com\/?page_id=17"},"modified":"2025-11-16T12:08:44","modified_gmt":"2025-11-16T12:08:44","slug":"about","status":"publish","type":"page","link":"https:\/\/elodea-cosmetiques.com\/index.php\/about\/","title":{"rendered":"La marque"},"content":{"rendered":"<p>[et_pb_section fb_built=\u00a0\u00bb1&Prime; admin_label=\u00a0\u00bbHeader\u00a0\u00bb _builder_version=\u00a0\u00bb4.27.4&Prime; _module_preset=\u00a0\u00bbb0ff6b44-90a3-4d6e-aed6-8ae3a795f4df\u00a0\u00bb background_color=\u00a0\u00bbgcid-57382145-32e4-49e4-abd8-d1f0810b148b\u00a0\u00bb locked=\u00a0\u00bboff\u00a0\u00bb collapsed=\u00a0\u00bbon\u00a0\u00bb global_colors_info=\u00a0\u00bb{%22gcid-57382145-32e4-49e4-abd8-d1f0810b148b%22:%91%22background_color%22%93}\u00a0\u00bb][et_pb_row column_structure=\u00a0\u00bb3_5,2_5&Prime; make_equal=\u00a0\u00bbon\u00a0\u00bb _builder_version=\u00a0\u00bb4.25.1&Prime; _module_preset=\u00a0\u00bbdefault\u00a0\u00bb custom_padding=\u00a0\u00bb0px||0px||true|false\u00a0\u00bb border_color_all=\u00a0\u00bb#000000&Prime; border_width_top=\u00a0\u00bb1px\u00a0\u00bb border_width_bottom=\u00a0\u00bb1px\u00a0\u00bb global_colors_info=\u00a0\u00bb{}\u00a0\u00bb][et_pb_column type=\u00a0\u00bb3_5&Prime; _builder_version=\u00a0\u00bb4.22.0&Prime; _module_preset=\u00a0\u00bbdefault\u00a0\u00bb custom_padding=\u00a0\u00bb30px|30px|30px||true|false\u00a0\u00bb custom_padding_tablet=\u00a0\u00bb|0px|||true|false\u00a0\u00bb custom_padding_phone=\u00a0\u00bb20px||20px||true|false\u00a0\u00bb custom_padding_last_edited=\u00a0\u00bbon|tablet\u00a0\u00bb border_color_all=\u00a0\u00bb#000000&Prime; border_width_right=\u00a0\u00bb1px\u00a0\u00bb border_width_right_tablet=\u00a0\u00bb0px\u00a0\u00bb border_width_right_phone=\u00a0\u00bb0px\u00a0\u00bb border_width_right_last_edited=\u00a0\u00bbon|tablet\u00a0\u00bb global_colors_info=\u00a0\u00bb{}\u00a0\u00bb][et_pb_text content_tablet=\u00a0\u00bb<\/p>\n<p style=%22text-align: center;%22>une marque n\u00e9e d&rsquo;une conviction forte<\/p>\n<p>\u00a0\u00bb content_phone=\u00a0\u00bb<\/p>\n<p style=%22text-align: center;%22>une marque n\u00e9e d&rsquo;une conviction forte<\/p>\n<p>\u00a0\u00bb content_last_edited=\u00a0\u00bbon|desktop\u00a0\u00bb module_class=\u00a0\u00bbblosta-font\u00a0\u00bb _builder_version=\u00a0\u00bb4.27.4&Prime; _module_preset=\u00a0\u00bbdefault\u00a0\u00bb text_font=\u00a0\u00bb&#8211;et_global_heading_font||||||||\u00a0\u00bb text_text_color=\u00a0\u00bbgcid-primary-color\u00a0\u00bb text_font_size=\u00a0\u00bb60px\u00a0\u00bb text_letter_spacing=\u00a0\u00bb2px\u00a0\u00bb text_line_height=\u00a0\u00bb0.9em\u00a0\u00bb header_font=\u00a0\u00bbBLOSTA||||||||\u00a0\u00bb width_tablet=\u00a0\u00bb\u00a0\u00bb width_phone=\u00a0\u00bb75%\u00a0\u00bb width_last_edited=\u00a0\u00bbon|phone\u00a0\u00bb max_width_tablet=\u00a0\u00bb\u00a0\u00bb max_width_phone=\u00a0\u00bb\u00a0\u00bb max_width_last_edited=\u00a0\u00bbon|phone\u00a0\u00bb custom_margin=\u00a0\u00bb||||false|false\u00a0\u00bb custom_margin_tablet=\u00a0\u00bb|||0px|false|false\u00a0\u00bb custom_margin_phone=\u00a0\u00bb3px|||auto|false|false\u00a0\u00bb custom_margin_last_edited=\u00a0\u00bbon|phone\u00a0\u00bb text_font_size_tablet=\u00a0\u00bb83px\u00a0\u00bb text_font_size_phone=\u00a0\u00bb28px\u00a0\u00bb text_font_size_last_edited=\u00a0\u00bbon|phone\u00a0\u00bb header_text_align_tablet=\u00a0\u00bb\u00a0\u00bb header_text_align_phone=\u00a0\u00bb\u00a0\u00bb header_text_align_last_edited=\u00a0\u00bbon|desktop\u00a0\u00bb header_font_size_phone=\u00a0\u00bb22px\u00a0\u00bb text_orientation_tablet=\u00a0\u00bb\u00a0\u00bb text_orientation_phone=\u00a0\u00bbcenter\u00a0\u00bb text_orientation_last_edited=\u00a0\u00bbon|phone\u00a0\u00bb module_alignment_tablet=\u00a0\u00bb\u00a0\u00bb module_alignment_phone=\u00a0\u00bbcenter\u00a0\u00bb module_alignment_last_edited=\u00a0\u00bbon|desktop\u00a0\u00bb locked=\u00a0\u00bboff\u00a0\u00bb global_colors_info=\u00a0\u00bb{%22gcid-secondary-color%22:%91%22quote_text_color%22,%22quote_border_color%22%93,%22gcid-primary-color%22:%91%22text_text_color%22%93}\u00a0\u00bb]<\/p>\n<p style=\"text-align: center;\">une marque n\u00e9e <br \/>d&rsquo;une conviction forte<\/p>\n<p>[\/et_pb_text][et_pb_image src=\u00a0\u00bbhttps:\/\/elodea-cosmetiques.com\/wp-content\/uploads\/2025\/11\/IMG-20250826-WA0021.png\u00a0\u00bb title_text=\u00a0\u00bbIMG-20250826-WA0021&Prime; _builder_version=\u00a0\u00bb4.27.4&Prime; _module_preset=\u00a0\u00bbdefault\u00a0\u00bb width=\u00a0\u00bb92%\u00a0\u00bb width_tablet=\u00a0\u00bb92%\u00a0\u00bb width_phone=\u00a0\u00bb92%\u00a0\u00bb width_last_edited=\u00a0\u00bbon|desktop\u00a0\u00bb module_alignment=\u00a0\u00bbcenter\u00a0\u00bb hover_enabled=\u00a0\u00bb0&Prime; module_alignment_tablet=\u00a0\u00bbcenter\u00a0\u00bb module_alignment_phone=\u00a0\u00bbcenter\u00a0\u00bb module_alignment_last_edited=\u00a0\u00bbon|desktop\u00a0\u00bb global_colors_info=\u00a0\u00bb{}\u00a0\u00bb sticky_enabled=\u00a0\u00bb0&Prime;][\/et_pb_image][\/et_pb_column][et_pb_column type=\u00a0\u00bb2_5&Prime; _builder_version=\u00a0\u00bb4.22.0&Prime; _module_preset=\u00a0\u00bbdefault\u00a0\u00bb custom_padding=\u00a0\u00bb30px||30px|30px|true|false\u00a0\u00bb custom_padding_tablet=\u00a0\u00bb|||0px|true|false\u00a0\u00bb custom_padding_phone=\u00a0\u00bb20px||20px||true|false\u00a0\u00bb custom_padding_last_edited=\u00a0\u00bbon|tablet\u00a0\u00bb global_colors_info=\u00a0\u00bb{}\u00a0\u00bb][et_pb_text _builder_version=\u00a0\u00bb4.27.4&Prime; _module_preset=\u00a0\u00bb791cfa8c-2be5-4c32-ac87-50280fcbc4ed\u00a0\u00bb text_font=\u00a0\u00bb&#8211;et_global_body_font|&#8211;et_global_body_font_weight|||||||\u00a0\u00bb text_letter_spacing=\u00a0\u00bb0.5px\u00a0\u00bb header_font=\u00a0\u00bb&#8211;et_global_body_font||||||||\u00a0\u00bb header_text_align=\u00a0\u00bbleft\u00a0\u00bb custom_margin=\u00a0\u00bb|||-32px|false|false\u00a0\u00bb custom_margin_tablet=\u00a0\u00bb|||-32px|false|false\u00a0\u00bb custom_margin_phone=\u00a0\u00bb||||false|false\u00a0\u00bb custom_margin_last_edited=\u00a0\u00bbon|desktop\u00a0\u00bb custom_padding_tablet=\u00a0\u00bb\u00a0\u00bb custom_padding_phone=\u00a0\u00bb|||32px|false|false\u00a0\u00bb custom_padding_last_edited=\u00a0\u00bbon|phone\u00a0\u00bb text_orientation_tablet=\u00a0\u00bb\u00a0\u00bb text_orientation_phone=\u00a0\u00bbleft\u00a0\u00bb text_orientation_last_edited=\u00a0\u00bbon|phone\u00a0\u00bb module_alignment_tablet=\u00a0\u00bb\u00a0\u00bb module_alignment_phone=\u00a0\u00bb\u00a0\u00bb module_alignment_last_edited=\u00a0\u00bbon|desktop\u00a0\u00bb global_colors_info=\u00a0\u00bb{}\u00a0\u00bb]<\/p>\n<p>Chez Elodea, nous croyons que la beaut\u00e9 ne devrait jamais \u00eatre synonyme de compromis. Chaque soin que nous cr\u00e9ons repose sur une id\u00e9e simple : respecter la peau autant que la nature.<\/p>\n<p>[\/et_pb_text][et_pb_image src=\u00a0\u00bbhttps:\/\/elodea-cosmetiques.com\/wp-content\/uploads\/2025\/11\/IMG-20250826-WA0033.png\u00a0\u00bb title_text=\u00a0\u00bbgalet piscine\u00a0\u00bb _builder_version=\u00a0\u00bb4.27.4&Prime; _module_preset=\u00a0\u00bbdefault\u00a0\u00bb custom_margin=\u00a0\u00bb|||-32px|false|false\u00a0\u00bb custom_margin_tablet=\u00a0\u00bb|||-32px|false|false\u00a0\u00bb custom_margin_phone=\u00a0\u00bb|||-32px|false|false\u00a0\u00bb custom_margin_last_edited=\u00a0\u00bbon|desktop\u00a0\u00bb custom_padding_tablet=\u00a0\u00bb\u00a0\u00bb custom_padding_phone=\u00a0\u00bb|||32px|false|false\u00a0\u00bb custom_padding_last_edited=\u00a0\u00bbon|phone\u00a0\u00bb hover_enabled=\u00a0\u00bb0&Prime; global_colors_info=\u00a0\u00bb{}\u00a0\u00bb sticky_enabled=\u00a0\u00bb0&Prime;][\/et_pb_image][et_pb_text _builder_version=\u00a0\u00bb4.27.4&Prime; _module_preset=\u00a0\u00bb791cfa8c-2be5-4c32-ac87-50280fcbc4ed\u00a0\u00bb text_font=\u00a0\u00bb&#8211;et_global_body_font|&#8211;et_global_body_font_weight|||||||\u00a0\u00bb text_letter_spacing=\u00a0\u00bb0.5px\u00a0\u00bb header_font=\u00a0\u00bb&#8211;et_global_body_font||||||||\u00a0\u00bb custom_margin=\u00a0\u00bb|||-32px|false|false\u00a0\u00bb custom_margin_tablet=\u00a0\u00bb|||-32px|false|false\u00a0\u00bb custom_margin_phone=\u00a0\u00bb|||-32px|false|false\u00a0\u00bb custom_margin_last_edited=\u00a0\u00bbon|desktop\u00a0\u00bb custom_padding_tablet=\u00a0\u00bb\u00a0\u00bb custom_padding_phone=\u00a0\u00bb|||32px|false|false\u00a0\u00bb custom_padding_last_edited=\u00a0\u00bbon|phone\u00a0\u00bb global_colors_info=\u00a0\u00bb{}\u00a0\u00bb]<\/p>\n<p><strong>Notre mission ?<\/strong><br \/>Proposer des cosm\u00e9tiques transparents, efficaces et sinc\u00e8res, qui refl\u00e8tent des valeurs profondes : naturalit\u00e9, authenticit\u00e9 et bienveillance.<br \/>Nous refusons les artifices, les compositions douteuses et les promesses trompeuses. Pour nous, la cosm\u00e9tique doit revenir \u00e0 l\u2019essentiel : des formules simples, inspir\u00e9es par la nature, pens\u00e9es pour le bien-\u00eatre global.<\/p>\n<p>C\u2019est dans cette d\u00e9marche que nous avons imagin\u00e9 Elodea : une marque qui allie plaisir sensoriel, efficacit\u00e9 et respect de la plan\u00e8te.<\/p>\n<p>Pour donner vie \u00e0 cette vision, nous travaillons avec des producteurs locaux passionn\u00e9s, qui partagent nos valeurs et notre exigence de qualit\u00e9. Chaque ingr\u00e9dient est choisi pour son authenticit\u00e9 et son efficacit\u00e9, afin d\u2019offrir \u00e0 votre peau ce que la nature a de meilleur.<\/p>\n<p>[\/et_pb_text][\/et_pb_column][\/et_pb_row][\/et_pb_section]<\/p>\n","protected":false},"excerpt":{"rendered":"<p>une marque n\u00e9e d&rsquo;une conviction forteChez Elodea, nous croyons que la beaut\u00e9 ne devrait jamais \u00eatre synonyme de compromis. Chaque soin que nous cr\u00e9ons repose sur une id\u00e9e simple : respecter la peau autant que la nature.Notre mission ?Proposer des cosm\u00e9tiques transparents, efficaces et sinc\u00e8res, qui refl\u00e8tent des valeurs profondes : naturalit\u00e9, authenticit\u00e9 et bienveillance.Nous [&hellip;]<\/p>\n","protected":false},"author":1,"featured_media":0,"parent":0,"menu_order":0,"comment_status":"closed","ping_status":"closed","template":"","meta":{"_et_pb_use_builder":"on","_et_pb_old_content":"","_et_gb_content_width":"","inline_featured_image":false,"footnotes":""},"class_list":["post-17","page","type-page","status-publish","hentry"],"_links":{"self":[{"href":"https:\/\/elodea-cosmetiques.com\/index.php\/wp-json\/wp\/v2\/pages\/17","targetHints":{"allow":["GET"]}}],"collection":[{"href":"https:\/\/elodea-cosmetiques.com\/index.php\/wp-json\/wp\/v2\/pages"}],"about":[{"href":"https:\/\/elodea-cosmetiques.com\/index.php\/wp-json\/wp\/v2\/types\/page"}],"author":[{"embeddable":true,"href":"https:\/\/elodea-cosmetiques.com\/index.php\/wp-json\/wp\/v2\/users\/1"}],"replies":[{"embeddable":true,"href":"https:\/\/elodea-cosmetiques.com\/index.php\/wp-json\/wp\/v2\/comments?post=17"}],"version-history":[{"count":27,"href":"https:\/\/elodea-cosmetiques.com\/index.php\/wp-json\/wp\/v2\/pages\/17\/revisions"}],"predecessor-version":[{"id":373426,"href":"https:\/\/elodea-cosmetiques.com\/index.php\/wp-json\/wp\/v2\/pages\/17\/revisions\/373426"}],"wp:attachment":[{"href":"https:\/\/elodea-cosmetiques.com\/index.php\/wp-json\/wp\/v2\/media?parent=17"}],"curies":[{"name":"wp","href":"https:\/\/api.w.org\/{rel}","templated":true}]}}